{"id":1012,"date":"2026-04-18T13:20:21","date_gmt":"2026-04-18T11:20:21","guid":{"rendered":"https:\/\/manysoft.de\/shop\/?page_id=1012"},"modified":"2026-04-21T17:27:45","modified_gmt":"2026-04-21T15:27:45","slug":"augendiagnose-lernsoftware","status":"publish","type":"page","link":"https:\/\/manysoft.de\/shop\/augendiagnose-lernsoftware\/","title":{"rendered":"Augendiagnose Lernsoftware"},"content":{"rendered":"<div class=\"fusion-fullwidth fullwidth-box fusion-builder-row-1 fusion-flex-container nonhundred-percent-fullwidth non-hundred-percent-height-scrolling\" style=\"--awb-border-radius-top-left:0px;--awb-border-radius-top-right:0px;--awb-border-radius-bottom-right:0px;--awb-border-radius-bottom-left:0px;--awb-flex-wrap:wrap;\" ><div class=\"fusion-builder-row fusion-row fusion-flex-align-items-flex-start fusion-flex-content-wrap\" style=\"max-width:1248px;margin-left: calc(-4% \/ 2 );margin-right: calc(-4% \/ 2 );\"><div class=\"fusion-layout-column fusion_builder_column fusion-builder-column-0 fusion_builder_column_1_1 1_1 fusion-flex-column\" style=\"--awb-bg-size:cover;--awb-width-large:100%;--awb-margin-top-large:0px;--awb-spacing-right-large:1.92%;--awb-margin-bottom-large:0px;--awb-spacing-left-large:1.92%;--awb-width-medium:100%;--awb-spacing-right-medium:1.92%;--awb-spacing-left-medium:1.92%;--awb-width-small:100%;--awb-spacing-right-small:1.92%;--awb-spacing-left-small:1.92%;\"><div class=\"fusion-column-wrapper fusion-flex-justify-content-flex-start fusion-content-layout-column\"><div class=\"fusion-text fusion-text-1\"><form class=\"wpsg_productform\" id=\"wpsg_produktform_1\" method=\"post\" action=\"\/shop\/wp-json\/wp\/v2\/pages\/1012\">\r\n<div class=\"wpsg_produkt_wrapper wpsg_produkt_wrapper2\">\r\n\r\n\t<input type=\"hidden\" name=\"wpsg_post_id\" value=\"1012\" \/>\r\n\t<input type=\"hidden\" name=\"titleDisplayed\" value=\"\" \/>\r\n\r\n\t<div class=\"wpsg_produkt wpsg_product_name\">\r\n\r\n\t\t\t\t\t<h1 class=\"wpsg_producttitle\">Augendiagnose Grundlagen<\/h1>\r\n\t\t\t\t\t\r\n\t\t\r\n\t<\/div>\r\n\r\n\t\r\n\t<div itemscope itemtype=\"http:\/\/schema.org\/Product\" class=\"wpsg_produkt wpsg_produkt_2\">\r\n\r\n\t\t<meta itemprop=\"url\" content=\"https:\/\/manysoft.de\/shop\/augendiagnose-lernsoftware\/?test\" \/>\r\n\t\t<meta itemprop=\"name\" content=\"Augendiagnose Grundlagen\" \/>\r\n\t\t<meta itemprop=\"detailname\" content=\"Augendiagnose Grundlagen \/ \" \/>\r\n\t\t<meta itemprop=\"sku\" content=\"\" \/>\r\n\t\t\r\n\t\t\t\t\r\n\t\t\t\t<div class=\"wpsg_productimages\">\r\n\r\n\t\t\t<div class=\"wpsg_produkt_produktbilder\">\r\n\r\n\t\t\t\t\t\t\t\t\t\r\n\t\t\t\t\t\t\t\t\t\t\r\n\t\t\t\t\t<a data-index=\"0\"  data-fslightbox=\"1\" title=\"Augendiagnose Grundlagen\" href=\"https:\/\/manysoft.de\/shop\/wp-content\/uploads\/2026\/04\/Augen8_D-300x214-2.jpg\" class=\"bigimg\">\r\n\r\n\t\t\t\t\t\t<img decoding=\"async\" width=\"300\" height=\"214\" src=\"https:\/\/manysoft.de\/shop\/wp-content\/uploads\/2026\/04\/Augen8_D-300x214-2.jpg\" class=\"attachment-300x300 size-300x300\" alt=\"\" srcset=\"https:\/\/manysoft.de\/shop\/wp-content\/uploads\/2026\/04\/Augen8_D-300x214-2-200x143.jpg 200w, https:\/\/manysoft.de\/shop\/wp-content\/uploads\/2026\/04\/Augen8_D-300x214-2.jpg 300w\" sizes=\"(max-width: 300px) 100vw, 300px\" \/>\t\t\t\t\t\t\r\n\t\t\t\t\t<\/a>\r\n\t\t\t\t\t\r\n\t\t\t\t\r\n\t\t\t<\/div>\r\n\r\n\t\t<\/div>\r\n\t\t\t\t\r\n\t\t\t\t\r\n\t\t\t\t\r\n\t\t\t\t\r\n\t\t\t<div itemprop=\"offers\" itemscope itemtype=\"http:\/\/schema.org\/Offer\" class=\"wpsg_produkt_preis\">\r\n\r\n\t\t\t\t<meta itemprop=\"priceCurrency\" content=\"EUR\" \/>\r\n\r\n\t\t\t\tSt\u00fcckpreis:\r\n\t\t\t\t\t\t\t\t\r\n\t\t\t\t\t\t\t\t\t<span class=\"wpsg_mod_productview_price\">29,00 EUR<\/span>\r\n\t\t\t\t\r\n\t\t\t<\/div>\r\n\r\n\t\t\t\r\n\t\t\t\t<div class=\"wpsg_produkt_preishinweis\">\r\n\t\t\t\t\t\t\t\t\t\t\t\t\t\t\t\t\t\t\r\n\t\t\t\t\t\t\t\t\t\t\t\t\t\t\t(inkl. 19,00% MwSt. und versandkostenfrei)\t\t\t\t\t\t\t \r\n\t\t\t\t\t\t\t\r\n\t\t\t\t\t\t\t\t\t\t\t\t\t\t\t<\/div>\r\n\r\n\t\t\t\t\t\t\r\n\t\t\t\t\r\n\t\t<div class=\"wpsg_clear\"><\/div>\r\n\r\n\t\t<div itemprop=\"description\" class=\"wpsg_produkt_shortdescription\">\r\n\t\t\r\n\t\t\t<span>Augendiagnose Grundlagen<\/span>\r\n\t\t\t\r\n\t\t<\/div>\r\n\r\n\t\t<div class=\"wpsg_clear\"><\/div>\r\n\r\n\t\t<div class=\"wpsg_gallery_wrap\">\r\n\t\t\t\t\t \r\n\t\t\t\t\t\t\t\r\n\t\t\t<ul>\r\n\t\t\t\t\t\t\t\t\t\t\r\n\t\t\t\t<li>\r\n\t\t\t\t\t<div data-target=\"0\" class=\"bigimgswitch\">\t\t\t\t\t\t\t\t\t\r\n\t\t\t\t\t\t<img decoding=\"async\" width=\"300\" height=\"214\" src=\"https:\/\/manysoft.de\/shop\/wp-content\/uploads\/2026\/04\/Augen8_D-300x214-2.jpg\" class=\"attachment-wpsg-basket-image size-wpsg-basket-image\" alt=\"\" srcset=\"https:\/\/manysoft.de\/shop\/wp-content\/uploads\/2026\/04\/Augen8_D-300x214-2-200x143.jpg 200w, https:\/\/manysoft.de\/shop\/wp-content\/uploads\/2026\/04\/Augen8_D-300x214-2.jpg 300w\" sizes=\"(max-width: 300px) 100vw, 300px\" \/>\t\t\t\t\t\t\t\r\n\t\t\t\t\t<\/div>\r\n\t\t\t\t<\/li>\r\n\t\t\t\t\t\t\t<\/ul>\r\n\r\n\t\t<\/div>\r\n\r\n\t\t\t\t\t\t\t\t\r\n\t\t\t\t\t\t\r\n\t\t\t\t\t\t\r\n\t\t\t\t\r\n\t\t\t\t\t\t\t\t\t\t\r\n\t\r\n\t\t\t\t\t\t\t\t\t\t\t\t\r\n\t\t\t\t<div class=\"wpsg_mod_deliverytime\">\r\n\t\t\t\t\t<span class=\"label label_deliverytime\">Lieferzeit:<\/span>\r\n\t\t\t\t\tLieferung per Download sofort nach Zahlungseingang (in der Regel innerhalb von 24 Stunden)\t\t\t\t<\/div>\t\r\n\t\t\t\t\t\t\r\n\t\t\t\t\t\r\n\t\t\t\t\t\t\r\n\t\t\t\t\r\n\t\t\t\t<div class=\"wpsg_product_informationarea\">\r\n\r\n\t\t\t\t\t\t<div class=\"wpsg_product_information_short\">\r\n\t\t\t\t<div class=\"wpsg_produkt_additional_information\">\r\n\t\t\t\t\t<div itemprop=\"description\" class=\"wpsg_produkt_shortdescription\">\r\n\t\t\t\t\t\t<span><p data-start=\"106\" data-end=\"177\"><strong data-start=\"106\" data-end=\"177\">Augendiagnose lernen \u2013 Irisdiagnose Software als Download (Windows)<\/strong><\/p>\n<p data-start=\"179\" data-end=\"413\">Erlernen Sie die Grundlagen der <strong data-start=\"211\" data-end=\"243\">Augendiagnose (Irisdiagnose)<\/strong> einfach und praxisnah am Computer. Dieses Lernprogramm bietet Ihnen einen strukturierten Einstieg sowie umfangreiche \u00dcbungsm\u00f6glichkeiten zur Vertiefung Ihrer Kenntnisse.<\/p>\n<p data-start=\"415\" data-end=\"544\">Ideal geeignet f\u00fcr Einsteiger, Therapeuten in Ausbildung und alle, die sich intensiv mit <strong data-start=\"504\" data-end=\"522\">Irisdiagnostik<\/strong> besch\u00e4ftigen m\u00f6chten.<\/p>\n<hr data-start=\"546\" data-end=\"549\" \/>\n<p data-start=\"551\" data-end=\"601\"><strong data-start=\"551\" data-end=\"601\">Ihre Vorteile \u2013 Augendiagnose effektiv lernen:<\/strong><\/p>\n<ul data-start=\"602\" data-end=\"860\">\n<li data-section-id=\"1bfeexs\" data-start=\"602\" data-end=\"659\">Umfangreiche Sammlung an <strong data-start=\"629\" data-end=\"657\">Augenfotos (Irisbildern)<\/strong><\/li>\n<li data-section-id=\"ps8rui\" data-start=\"660\" data-end=\"713\">Detaillierte und anschauliche <strong data-start=\"692\" data-end=\"711\">Lehrzeichnungen<\/strong><\/li>\n<li data-section-id=\"1xdm0so\" data-start=\"714\" data-end=\"756\">Kombination aus <strong data-start=\"732\" data-end=\"754\">Theorie und Praxis<\/strong><\/li>\n<li data-section-id=\"1eu9mxt\" data-start=\"757\" data-end=\"809\">Schrittweises Lernen durch Sehen, Lesen und \u00dcben<\/li>\n<li data-section-id=\"1p882y3\" data-start=\"810\" data-end=\"860\">Perfekt zur t\u00e4glichen Anwendung und Vertiefung<\/li>\n<\/ul>\n<hr data-start=\"862\" data-end=\"865\" \/>\n<p data-start=\"867\" data-end=\"904\"><strong data-start=\"867\" data-end=\"904\">Irisdiagnose verst\u00e4ndlich erkl\u00e4rt<\/strong><\/p>\n<p data-start=\"906\" data-end=\"1070\">Die <strong data-start=\"910\" data-end=\"927\">Augendiagnose<\/strong> geh\u00f6rt zu den alternativmedizinischen Diagnoseverfahren und besch\u00e4ftigt sich mit der Deutung von Strukturen und Farbver\u00e4nderungen in der Iris.<\/p>\n<p data-start=\"1072\" data-end=\"1300\">Dieses Lernprogramm hilft Ihnen dabei, typische <strong data-start=\"1120\" data-end=\"1135\">Iriszeichen<\/strong> zu erkennen, zu vergleichen und systematisch zu verstehen. Durch die Gegen\u00fcberstellung von Zeichnungen und realen Augenaufnahmen werden auch feine Details sichtbar.<\/p>\n<p data-start=\"1302\" data-end=\"1374\">So entwickeln Sie mit der Zeit ein sicheres Auge f\u00fcr die Interpretation.<\/p>\n<hr data-start=\"1376\" data-end=\"1379\" \/>\n<p data-start=\"1381\" data-end=\"1423\"><strong data-start=\"1381\" data-end=\"1423\">F\u00fcr wen ist das Lernprogramm geeignet?<\/strong><\/p>\n<ul data-start=\"1424\" data-end=\"1619\">\n<li data-section-id=\"196hm08\" data-start=\"1424\" data-end=\"1478\">Einsteiger in die <strong data-start=\"1444\" data-end=\"1476\">Augendiagnose \/ Irisdiagnose<\/strong><\/li>\n<li data-section-id=\"1iw0y1o\" data-start=\"1479\" data-end=\"1526\">Heilpraktiker und Therapeuten in Ausbildung<\/li>\n<li data-section-id=\"oa8wyw\" data-start=\"1527\" data-end=\"1572\">Anwender alternativmedizinischer Methoden<\/li>\n<li data-section-id=\"5tpjx9\" data-start=\"1573\" data-end=\"1619\">Interessierte an ganzheitlicher Diagnostik<\/li>\n<\/ul>\n<hr data-start=\"1621\" data-end=\"1624\" \/>\n<p data-start=\"1626\" data-end=\"1645\"><strong data-start=\"1626\" data-end=\"1645\">Produktdetails:<\/strong><\/p>\n<ul data-start=\"1646\" data-end=\"1824\">\n<li data-section-id=\"kzs90g\" data-start=\"1646\" data-end=\"1683\"><strong data-start=\"1648\" data-end=\"1663\">Produktart:<\/strong> Download-Software<\/li>\n<li data-section-id=\"4mkdbt\" data-start=\"1684\" data-end=\"1745\"><strong data-start=\"1686\" data-end=\"1705\">Bereitstellung:<\/strong> Download-Link per E-Mail nach Zahlung<\/li>\n<li data-section-id=\"15zbblq\" data-start=\"1746\" data-end=\"1777\"><strong data-start=\"1748\" data-end=\"1757\">ISBN:<\/strong> 978-3-942288-46-0<\/li>\n<li data-section-id=\"1ct7bzv\" data-start=\"1778\" data-end=\"1824\"><strong data-start=\"1780\" data-end=\"1791\">Verlag:<\/strong> manysoft\u00ae Lehr- und Lernmittel<\/li>\n<\/ul>\n<p data-start=\"1826\" data-end=\"1920\">Hinweis: Aufgrund der digitalen Bereitstellung ist eine R\u00fcckgabe nach Download ausgeschlossen.<\/p>\n<hr data-start=\"1922\" data-end=\"1925\" \/>\n<p data-start=\"1927\" data-end=\"1958\"><strong data-start=\"1927\" data-end=\"1958\">Technische Voraussetzungen:<\/strong><\/p>\n<ul data-start=\"1959\" data-end=\"2125\">\n<li data-section-id=\"1xkgy5g\" data-start=\"1959\" data-end=\"2007\">Betriebssystem: <strong data-start=\"1977\" data-end=\"2005\">Windows 7 bis Windows 11<\/strong><\/li>\n<li data-section-id=\"1je8ain\" data-start=\"2008\" data-end=\"2040\">Mindestaufl\u00f6sung: 1024 x 768<\/li>\n<li data-section-id=\"1aqoo4q\" data-start=\"2041\" data-end=\"2079\">Lizenz: Nutzung auf einem Computer<\/li>\n<li data-section-id=\"1e3qo83\" data-start=\"2080\" data-end=\"2125\">Freischaltung per pers\u00f6nlichem Lizenzcode<\/li>\n<\/ul>\n<hr data-start=\"2127\" data-end=\"2130\" \/>\n<p data-start=\"2132\" data-end=\"2308\"><strong data-start=\"2132\" data-end=\"2170\">Rechtliche Hinweise (Deutschland):<\/strong><br data-start=\"2170\" data-end=\"2173\" \/>Beim Kauf erwerben Sie ein pers\u00f6nliches Nutzungsrecht (Lizenz). Eine Weitergabe oder Vervielf\u00e4ltigung der Software ist nicht gestattet.<\/p>\n<p data-start=\"2310\" data-end=\"2491\">Die Augendiagnose (Irisdiagnose) ist kein wissenschaftlich anerkanntes Diagnoseverfahren im schulmedizinischen Sinne. Die Anwendung ersetzt keine \u00e4rztliche Diagnose oder Behandlung.<\/p>\n<p data-start=\"2493\" data-end=\"2626\">Markenbezeichnungen dienen ausschlie\u00dflich der Beschreibung und sind Eigentum der jeweiligen Rechteinhaber (z. B. Microsoft, Windows).<\/p>\n<\/span>\r\n\t\t\t\t\t<\/div>\r\n\t\t\t\t<\/div>\r\n\t\t\t<\/div>\r\n\t\t\t\r\n\t\t<\/div>\r\n\t\t\r\n\t\t\t\t<div class=\"wpsg_produkt_varianten\">\r\n\t\t\t\t\t<\/div>\r\n\t\t\t\t\r\n\t\t\t\t\r\n\t\t\r\n\t\t<div class=\"wpsg_product_buttonarea\">\r\n\t\t\t<div class=\"wpsg_product_buttons_add_basket\">\r\n\t\t\t\t\t\t\t\t<div class=\"wpsg_produkt_add_basket_wrapper\">\r\n\r\n\t\t\t\t\t<label class=\"wpsg_amount_label\" for=\"wpsg_menge_1\">Anzahl<\/label>\r\n\r\n\t\t\t\t\t<input type=\"text\" value=\"1\" name=\"wpsg[menge]\" class=\"wpsg_menge\" id=\"wpsg_menge_1\"  \/>\r\n\t\t\t\t\t\t\t\r\n\t\t\t\t\t\t\t\t\t\t\t\t\t\t\t\r\n\t\t\t\t\t\t<input class=\"wpsg_button wpsg_add_basket wpsg_add_basket_1\" type=\"submit\" value=\"In den Warenkorb\" name=\"wpsg[submit]\" \/>\r\n\t\t\t\t\t\r\n\t\t\t\t\t\t\t\t\t\t\r\n\t\t\t\t\t\r\n\t\t\t\t<\/div>\r\n\t\t\t\t\t\t\t<\/div>\r\n\t\t<\/div>\r\n\r\n\t\t<div class=\"wpsg_clear\"><\/div>\r\n\r\n\t\t\r\n\t\t\t\t<div class=\"wpsg_product_informationarea\">\r\n\r\n\t\t\t\r\n\t\t<\/div>\r\n\t\t\t\t\r\n\t\t\t\t<div class=\"wpsg_product_informationarea\">\r\n\r\n\t\t\t\r\n\t\t<\/div>\r\n\t\t\t\t\r\n\t\t\t\t<div class=\"wpsg_product_informationarea\">\r\n\r\n\t\t\t\r\n\t\t<\/div>\r\n\t\t\r\n\t\t<div class=\"wpsg_clear\"><\/div>\r\n\r\n\t\t\t\t<div class=\"wpsg_product_social_media\">\r\n\t\t\t\t\t<\/div>\r\n\r\n\t<\/div>\r\n\t\r\n\t<script>\r\n\t\t\r\n\t\tjQuery('.wpsg_produkt_wrapper2 .wpsg_gallery_wrap .bigimgswitch').on('click', function() {\r\n\t\t\t\r\n\t\t\tvar jqThis = jQuery(this);\r\n\r\n\t\t\tjqThis.closest('.wpsg_produkt_wrapper2').find('.bigimg').hide();\r\n\t\t\tjqThis.closest('.wpsg_produkt_wrapper2').find('.bigimg[data-index=\"' + jqThis.data(\"target\") + '\"]').show();\r\n\t\t\t \r\n\t\t\treturn false;\r\n\t\t\t\r\n\t\t});\r\n\t\t\r\n\t<\/script>\r\n\r\n\t\t\r\n<\/div><div style=\"display:none;\"><input type=\"hidden\" name=\"wpsg[template]\" \tvalue=\"standard2.phtml\" \/><input type=\"hidden\" name=\"myReferer\" \t\tvalue=\"\/shop\/wp-json\/wp\/v2\/pages\/1012\" \/><input type=\"hidden\" name=\"wpsg[produkt_id]\"  value=\"2\" \/><input type=\"hidden\" name=\"wpsg[product_key]\" value=\"2\" \/><\/div><\/form>\n<\/div><\/div><\/div><\/div><\/div>\n","protected":false},"excerpt":{"rendered":"","protected":false},"author":1,"featured_media":0,"parent":0,"menu_order":0,"comment_status":"closed","ping_status":"closed","template":"100-width.php","meta":{"footnotes":""},"class_list":["post-1012","page","type-page","status-publish","hentry"],"aioseo_notices":[],"_links":{"self":[{"href":"https:\/\/manysoft.de\/shop\/wp-json\/wp\/v2\/pages\/1012","targetHints":{"allow":["GET"]}}],"collection":[{"href":"https:\/\/manysoft.de\/shop\/wp-json\/wp\/v2\/pages"}],"about":[{"href":"https:\/\/manysoft.de\/shop\/wp-json\/wp\/v2\/types\/page"}],"author":[{"embeddable":true,"href":"https:\/\/manysoft.de\/shop\/wp-json\/wp\/v2\/users\/1"}],"replies":[{"embeddable":true,"href":"https:\/\/manysoft.de\/shop\/wp-json\/wp\/v2\/comments?post=1012"}],"version-history":[{"count":3,"href":"https:\/\/manysoft.de\/shop\/wp-json\/wp\/v2\/pages\/1012\/revisions"}],"predecessor-version":[{"id":1015,"href":"https:\/\/manysoft.de\/shop\/wp-json\/wp\/v2\/pages\/1012\/revisions\/1015"}],"wp:attachment":[{"href":"https:\/\/manysoft.de\/shop\/wp-json\/wp\/v2\/media?parent=1012"}],"curies":[{"name":"wp","href":"https:\/\/api.w.org\/{rel}","templated":true}]}}