{"id":1016,"date":"2026-04-18T13:31:28","date_gmt":"2026-04-18T11:31:28","guid":{"rendered":"https:\/\/manysoft.de\/shop\/?page_id=1016"},"modified":"2026-04-21T17:31:08","modified_gmt":"2026-04-21T15:31:08","slug":"augendiagnose-praxis","status":"publish","type":"page","link":"https:\/\/manysoft.de\/shop\/augendiagnose-praxis\/","title":{"rendered":"Augendiagnose Praxis"},"content":{"rendered":"<div class=\"fusion-fullwidth fullwidth-box fusion-builder-row-1 fusion-flex-container has-pattern-background has-mask-background nonhundred-percent-fullwidth non-hundred-percent-height-scrolling\" style=\"--awb-border-radius-top-left:0px;--awb-border-radius-top-right:0px;--awb-border-radius-bottom-right:0px;--awb-border-radius-bottom-left:0px;--awb-flex-wrap:wrap;\" ><div class=\"fusion-builder-row fusion-row fusion-flex-align-items-flex-start fusion-flex-content-wrap\" style=\"max-width:1248px;margin-left: calc(-4% \/ 2 );margin-right: calc(-4% \/ 2 );\"><div class=\"fusion-layout-column fusion_builder_column fusion-builder-column-0 fusion_builder_column_1_1 1_1 fusion-flex-column\" style=\"--awb-bg-size:cover;--awb-width-large:100%;--awb-margin-top-large:0px;--awb-spacing-right-large:1.92%;--awb-margin-bottom-large:20px;--awb-spacing-left-large:1.92%;--awb-width-medium:100%;--awb-order-medium:0;--awb-spacing-right-medium:1.92%;--awb-spacing-left-medium:1.92%;--awb-width-small:100%;--awb-order-small:0;--awb-spacing-right-small:1.92%;--awb-spacing-left-small:1.92%;\"><div class=\"fusion-column-wrapper fusion-column-has-shadow fusion-flex-justify-content-flex-start fusion-content-layout-column\"><div class=\"fusion-text fusion-text-1\"><form class=\"wpsg_productform\" id=\"wpsg_produktform_1\" method=\"post\" action=\"\/shop\/wp-json\/wp\/v2\/pages\/1016\">\r\n<div class=\"wpsg_produkt_wrapper wpsg_produkt_wrapper2\">\r\n\r\n\t<input type=\"hidden\" name=\"wpsg_post_id\" value=\"1016\" \/>\r\n\t<input type=\"hidden\" name=\"titleDisplayed\" value=\"\" \/>\r\n\r\n\t<div class=\"wpsg_produkt wpsg_product_name\">\r\n\r\n\t\t\t\t\t<h1 class=\"wpsg_producttitle\">Augendiagnose Arbeitsprogramm<\/h1>\r\n\t\t\t\t\t\r\n\t\t\r\n\t<\/div>\r\n\r\n\t\r\n\t<div itemscope itemtype=\"http:\/\/schema.org\/Product\" class=\"wpsg_produkt wpsg_produkt_3\">\r\n\r\n\t\t<meta itemprop=\"url\" content=\"https:\/\/manysoft.de\/shop\/augendiagnose-praxis\/?test\" \/>\r\n\t\t<meta itemprop=\"name\" content=\"Augendiagnose Arbeitsprogramm\" \/>\r\n\t\t<meta itemprop=\"detailname\" content=\"Augendiagnose Arbeitsprogramm \/ \" \/>\r\n\t\t<meta itemprop=\"sku\" content=\"\" \/>\r\n\t\t\r\n\t\t\t\t\r\n\t\t\t\t<div class=\"wpsg_productimages\">\r\n\r\n\t\t\t<div class=\"wpsg_produkt_produktbilder\">\r\n\r\n\t\t\t\t\t\t\t\t\t\r\n\t\t\t\t\t\t\t\t\t\t\r\n\t\t\t\t\t<a data-index=\"0\"  data-fslightbox=\"1\" title=\"Augendiagnose Arbeitsprogramm\" href=\"https:\/\/manysoft.de\/shop\/wp-content\/uploads\/2026\/04\/DA8_8.jpg\" class=\"bigimg\">\r\n\r\n\t\t\t\t\t\t<img decoding=\"async\" width=\"300\" height=\"232\" src=\"https:\/\/manysoft.de\/shop\/wp-content\/uploads\/2026\/04\/DA8_8.jpg\" class=\"attachment-300x300 size-300x300\" alt=\"\" srcset=\"https:\/\/manysoft.de\/shop\/wp-content\/uploads\/2026\/04\/DA8_8-200x155.jpg 200w, https:\/\/manysoft.de\/shop\/wp-content\/uploads\/2026\/04\/DA8_8-300x232.jpg 300w, https:\/\/manysoft.de\/shop\/wp-content\/uploads\/2026\/04\/DA8_8-400x310.jpg 400w, https:\/\/manysoft.de\/shop\/wp-content\/uploads\/2026\/04\/DA8_8-600x465.jpg 600w, https:\/\/manysoft.de\/shop\/wp-content\/uploads\/2026\/04\/DA8_8-768x595.jpg 768w, https:\/\/manysoft.de\/shop\/wp-content\/uploads\/2026\/04\/DA8_8-800x620.jpg 800w, https:\/\/manysoft.de\/shop\/wp-content\/uploads\/2026\/04\/DA8_8-1024x793.jpg 1024w, https:\/\/manysoft.de\/shop\/wp-content\/uploads\/2026\/04\/DA8_8.jpg 1026w\" sizes=\"(max-width: 300px) 100vw, 300px\" \/>\t\t\t\t\t\t\r\n\t\t\t\t\t<\/a>\r\n\t\t\t\t\t\r\n\t\t\t\t\t\t\t\t\t\r\n\t\t\t\t\t\t\t\t\t\t\r\n\t\t\t\t\t<a data-index=\"1\" style=\"display:none;\" data-fslightbox=\"1\" title=\"Augendiagnose Arbeitsprogramm\" href=\"https:\/\/manysoft.de\/shop\/wp-content\/uploads\/2026\/04\/DA8-1.jpg\" class=\"bigimg\">\r\n\r\n\t\t\t\t\t\t<img decoding=\"async\" width=\"300\" height=\"233\" src=\"https:\/\/manysoft.de\/shop\/wp-content\/uploads\/2026\/04\/DA8-1.jpg\" class=\"attachment-300x300 size-300x300\" alt=\"\" srcset=\"https:\/\/manysoft.de\/shop\/wp-content\/uploads\/2026\/04\/DA8-1-200x155.jpg 200w, https:\/\/manysoft.de\/shop\/wp-content\/uploads\/2026\/04\/DA8-1-300x233.jpg 300w, https:\/\/manysoft.de\/shop\/wp-content\/uploads\/2026\/04\/DA8-1-400x311.jpg 400w, https:\/\/manysoft.de\/shop\/wp-content\/uploads\/2026\/04\/DA8-1-600x466.jpg 600w, https:\/\/manysoft.de\/shop\/wp-content\/uploads\/2026\/04\/DA8-1-768x597.jpg 768w, https:\/\/manysoft.de\/shop\/wp-content\/uploads\/2026\/04\/DA8-1-800x621.jpg 800w, https:\/\/manysoft.de\/shop\/wp-content\/uploads\/2026\/04\/DA8-1-1024x795.jpg 1024w, https:\/\/manysoft.de\/shop\/wp-content\/uploads\/2026\/04\/DA8-1.jpg 1030w\" sizes=\"(max-width: 300px) 100vw, 300px\" \/>\t\t\t\t\t\t\r\n\t\t\t\t\t<\/a>\r\n\t\t\t\t\t\r\n\t\t\t\t\t\t\t\t\t\r\n\t\t\t\t\t\t\t\t\t\t\r\n\t\t\t\t\t<a data-index=\"2\" style=\"display:none;\" data-fslightbox=\"1\" title=\"Augendiagnose Arbeitsprogramm\" href=\"https:\/\/manysoft.de\/shop\/wp-content\/uploads\/2026\/04\/DA8_D-1.jpg\" class=\"bigimg\">\r\n\r\n\t\t\t\t\t\t<img decoding=\"async\" width=\"300\" height=\"233\" src=\"https:\/\/manysoft.de\/shop\/wp-content\/uploads\/2026\/04\/DA8_D-1.jpg\" class=\"attachment-300x300 size-300x300\" alt=\"\" srcset=\"https:\/\/manysoft.de\/shop\/wp-content\/uploads\/2026\/04\/DA8_D-1-200x155.jpg 200w, https:\/\/manysoft.de\/shop\/wp-content\/uploads\/2026\/04\/DA8_D-1-300x233.jpg 300w, https:\/\/manysoft.de\/shop\/wp-content\/uploads\/2026\/04\/DA8_D-1-400x311.jpg 400w, https:\/\/manysoft.de\/shop\/wp-content\/uploads\/2026\/04\/DA8_D-1-600x466.jpg 600w, https:\/\/manysoft.de\/shop\/wp-content\/uploads\/2026\/04\/DA8_D-1-768x597.jpg 768w, https:\/\/manysoft.de\/shop\/wp-content\/uploads\/2026\/04\/DA8_D-1-800x621.jpg 800w, https:\/\/manysoft.de\/shop\/wp-content\/uploads\/2026\/04\/DA8_D-1-1024x795.jpg 1024w, https:\/\/manysoft.de\/shop\/wp-content\/uploads\/2026\/04\/DA8_D-1.jpg 1030w\" sizes=\"(max-width: 300px) 100vw, 300px\" \/>\t\t\t\t\t\t\r\n\t\t\t\t\t<\/a>\r\n\t\t\t\t\t\r\n\t\t\t\t\t\t\t\t\t\r\n\t\t\t\t\t\t\t\t\t\t\r\n\t\t\t\t\t<a data-index=\"3\" style=\"display:none;\" data-fslightbox=\"1\" title=\"Augendiagnose Arbeitsprogramm\" href=\"https:\/\/manysoft.de\/shop\/wp-content\/uploads\/2026\/04\/DA8_Patient-1.jpg\" class=\"bigimg\">\r\n\r\n\t\t\t\t\t\t<img decoding=\"async\" width=\"300\" height=\"232\" src=\"https:\/\/manysoft.de\/shop\/wp-content\/uploads\/2026\/04\/DA8_Patient-1.jpg\" class=\"attachment-300x300 size-300x300\" alt=\"\" srcset=\"https:\/\/manysoft.de\/shop\/wp-content\/uploads\/2026\/04\/DA8_Patient-1-200x155.jpg 200w, https:\/\/manysoft.de\/shop\/wp-content\/uploads\/2026\/04\/DA8_Patient-1-300x232.jpg 300w, https:\/\/manysoft.de\/shop\/wp-content\/uploads\/2026\/04\/DA8_Patient-1-400x310.jpg 400w, https:\/\/manysoft.de\/shop\/wp-content\/uploads\/2026\/04\/DA8_Patient-1-600x465.jpg 600w, https:\/\/manysoft.de\/shop\/wp-content\/uploads\/2026\/04\/DA8_Patient-1-768x595.jpg 768w, https:\/\/manysoft.de\/shop\/wp-content\/uploads\/2026\/04\/DA8_Patient-1-800x620.jpg 800w, https:\/\/manysoft.de\/shop\/wp-content\/uploads\/2026\/04\/DA8_Patient-1-1024x793.jpg 1024w, https:\/\/manysoft.de\/shop\/wp-content\/uploads\/2026\/04\/DA8_Patient-1.jpg 1026w\" sizes=\"(max-width: 300px) 100vw, 300px\" \/>\t\t\t\t\t\t\r\n\t\t\t\t\t<\/a>\r\n\t\t\t\t\t\r\n\t\t\t\t\r\n\t\t\t<\/div>\r\n\r\n\t\t<\/div>\r\n\t\t\t\t\r\n\t\t\t\t\r\n\t\t\t\t\r\n\t\t\t\t\r\n\t\t\t<div itemprop=\"offers\" itemscope itemtype=\"http:\/\/schema.org\/Offer\" class=\"wpsg_produkt_preis\">\r\n\r\n\t\t\t\t<meta itemprop=\"priceCurrency\" content=\"EUR\" \/>\r\n\r\n\t\t\t\tSt\u00fcckpreis:\r\n\t\t\t\t\t\t\t\t\r\n\t\t\t\t\t\t\t\t\t<span class=\"wpsg_mod_productview_price\">49,00 EUR<\/span>\r\n\t\t\t\t\r\n\t\t\t<\/div>\r\n\r\n\t\t\t\r\n\t\t\t\t<div class=\"wpsg_produkt_preishinweis\">\r\n\t\t\t\t\t\t\t\t\t\t\t\t\t\t\t\t\t\t\r\n\t\t\t\t\t\t\t\t\t\t\t\t\t\t\t(inkl. 19,00% MwSt. und versandkostenfrei)\t\t\t\t\t\t\t \r\n\t\t\t\t\t\t\t\r\n\t\t\t\t\t\t\t\t\t\t\t\t\t\t\t<\/div>\r\n\r\n\t\t\t\t\t\t\r\n\t\t\t\t\r\n\t\t<div class=\"wpsg_clear\"><\/div>\r\n\r\n\t\t<div itemprop=\"description\" class=\"wpsg_produkt_shortdescription\">\r\n\t\t\r\n\t\t\t<span>Augendiagnose Arbeitsprogramm<\/span>\r\n\t\t\t\r\n\t\t<\/div>\r\n\r\n\t\t<div class=\"wpsg_clear\"><\/div>\r\n\r\n\t\t<div class=\"wpsg_gallery_wrap\">\r\n\t\t\t\t\t \r\n\t\t\t\t\t\t\t\r\n\t\t\t<ul>\r\n\t\t\t\t\t\t\t\t\t\t\r\n\t\t\t\t<li>\r\n\t\t\t\t\t<div data-target=\"0\" class=\"bigimgswitch\">\t\t\t\t\t\t\t\t\t\r\n\t\t\t\t\t\t<img decoding=\"async\" width=\"1026\" height=\"795\" src=\"https:\/\/manysoft.de\/shop\/wp-content\/uploads\/2026\/04\/DA8_8.jpg\" class=\"attachment-wpsg-basket-image size-wpsg-basket-image\" alt=\"\" srcset=\"https:\/\/manysoft.de\/shop\/wp-content\/uploads\/2026\/04\/DA8_8-200x155.jpg 200w, https:\/\/manysoft.de\/shop\/wp-content\/uploads\/2026\/04\/DA8_8-300x232.jpg 300w, https:\/\/manysoft.de\/shop\/wp-content\/uploads\/2026\/04\/DA8_8-400x310.jpg 400w, https:\/\/manysoft.de\/shop\/wp-content\/uploads\/2026\/04\/DA8_8-600x465.jpg 600w, https:\/\/manysoft.de\/shop\/wp-content\/uploads\/2026\/04\/DA8_8-768x595.jpg 768w, https:\/\/manysoft.de\/shop\/wp-content\/uploads\/2026\/04\/DA8_8-800x620.jpg 800w, https:\/\/manysoft.de\/shop\/wp-content\/uploads\/2026\/04\/DA8_8-1024x793.jpg 1024w, https:\/\/manysoft.de\/shop\/wp-content\/uploads\/2026\/04\/DA8_8.jpg 1026w\" sizes=\"(max-width: 1026px) 100vw, 1026px\" \/>\t\t\t\t\t\t\t\r\n\t\t\t\t\t<\/div>\r\n\t\t\t\t<\/li>\r\n\t\t\t\t\t\t\t\t\t\t\r\n\t\t\t\t<li>\r\n\t\t\t\t\t<div data-target=\"1\" class=\"bigimgswitch\">\t\t\t\t\t\t\t\t\t\r\n\t\t\t\t\t\t<img decoding=\"async\" width=\"1030\" height=\"800\" src=\"https:\/\/manysoft.de\/shop\/wp-content\/uploads\/2026\/04\/DA8-1.jpg\" class=\"attachment-wpsg-basket-image size-wpsg-basket-image\" alt=\"\" srcset=\"https:\/\/manysoft.de\/shop\/wp-content\/uploads\/2026\/04\/DA8-1-200x155.jpg 200w, https:\/\/manysoft.de\/shop\/wp-content\/uploads\/2026\/04\/DA8-1-300x233.jpg 300w, https:\/\/manysoft.de\/shop\/wp-content\/uploads\/2026\/04\/DA8-1-400x311.jpg 400w, https:\/\/manysoft.de\/shop\/wp-content\/uploads\/2026\/04\/DA8-1-600x466.jpg 600w, https:\/\/manysoft.de\/shop\/wp-content\/uploads\/2026\/04\/DA8-1-768x597.jpg 768w, https:\/\/manysoft.de\/shop\/wp-content\/uploads\/2026\/04\/DA8-1-800x621.jpg 800w, https:\/\/manysoft.de\/shop\/wp-content\/uploads\/2026\/04\/DA8-1-1024x795.jpg 1024w, https:\/\/manysoft.de\/shop\/wp-content\/uploads\/2026\/04\/DA8-1.jpg 1030w\" sizes=\"(max-width: 1030px) 100vw, 1030px\" \/>\t\t\t\t\t\t\t\r\n\t\t\t\t\t<\/div>\r\n\t\t\t\t<\/li>\r\n\t\t\t\t\t\t\t\t\t\t\r\n\t\t\t\t<li>\r\n\t\t\t\t\t<div data-target=\"2\" class=\"bigimgswitch\">\t\t\t\t\t\t\t\t\t\r\n\t\t\t\t\t\t<img decoding=\"async\" width=\"1030\" height=\"800\" src=\"https:\/\/manysoft.de\/shop\/wp-content\/uploads\/2026\/04\/DA8_D-1.jpg\" class=\"attachment-wpsg-basket-image size-wpsg-basket-image\" alt=\"\" srcset=\"https:\/\/manysoft.de\/shop\/wp-content\/uploads\/2026\/04\/DA8_D-1-200x155.jpg 200w, https:\/\/manysoft.de\/shop\/wp-content\/uploads\/2026\/04\/DA8_D-1-300x233.jpg 300w, https:\/\/manysoft.de\/shop\/wp-content\/uploads\/2026\/04\/DA8_D-1-400x311.jpg 400w, https:\/\/manysoft.de\/shop\/wp-content\/uploads\/2026\/04\/DA8_D-1-600x466.jpg 600w, https:\/\/manysoft.de\/shop\/wp-content\/uploads\/2026\/04\/DA8_D-1-768x597.jpg 768w, https:\/\/manysoft.de\/shop\/wp-content\/uploads\/2026\/04\/DA8_D-1-800x621.jpg 800w, https:\/\/manysoft.de\/shop\/wp-content\/uploads\/2026\/04\/DA8_D-1-1024x795.jpg 1024w, https:\/\/manysoft.de\/shop\/wp-content\/uploads\/2026\/04\/DA8_D-1.jpg 1030w\" sizes=\"(max-width: 1030px) 100vw, 1030px\" \/>\t\t\t\t\t\t\t\r\n\t\t\t\t\t<\/div>\r\n\t\t\t\t<\/li>\r\n\t\t\t\t\t\t\t\t\t\t\r\n\t\t\t\t<li>\r\n\t\t\t\t\t<div data-target=\"3\" class=\"bigimgswitch\">\t\t\t\t\t\t\t\t\t\r\n\t\t\t\t\t\t<img decoding=\"async\" width=\"1026\" height=\"795\" src=\"https:\/\/manysoft.de\/shop\/wp-content\/uploads\/2026\/04\/DA8_Patient-1.jpg\" class=\"attachment-wpsg-basket-image size-wpsg-basket-image\" alt=\"\" srcset=\"https:\/\/manysoft.de\/shop\/wp-content\/uploads\/2026\/04\/DA8_Patient-1-200x155.jpg 200w, https:\/\/manysoft.de\/shop\/wp-content\/uploads\/2026\/04\/DA8_Patient-1-300x232.jpg 300w, https:\/\/manysoft.de\/shop\/wp-content\/uploads\/2026\/04\/DA8_Patient-1-400x310.jpg 400w, https:\/\/manysoft.de\/shop\/wp-content\/uploads\/2026\/04\/DA8_Patient-1-600x465.jpg 600w, https:\/\/manysoft.de\/shop\/wp-content\/uploads\/2026\/04\/DA8_Patient-1-768x595.jpg 768w, https:\/\/manysoft.de\/shop\/wp-content\/uploads\/2026\/04\/DA8_Patient-1-800x620.jpg 800w, https:\/\/manysoft.de\/shop\/wp-content\/uploads\/2026\/04\/DA8_Patient-1-1024x793.jpg 1024w, https:\/\/manysoft.de\/shop\/wp-content\/uploads\/2026\/04\/DA8_Patient-1.jpg 1026w\" sizes=\"(max-width: 1026px) 100vw, 1026px\" \/>\t\t\t\t\t\t\t\r\n\t\t\t\t\t<\/div>\r\n\t\t\t\t<\/li>\r\n\t\t\t\t\t\t\t<\/ul>\r\n\r\n\t\t<\/div>\r\n\r\n\t\t\t\t\t\t\t\t\r\n\t\t\t\t\t\t\r\n\t\t\t\t\t\t\r\n\t\t\t\t\r\n\t\t\t\t\t\t\t\t\t\t\r\n\t\r\n\t\t\t\t\t\t\t\t\t\t\t\t\r\n\t\t\t\t<div class=\"wpsg_mod_deliverytime\">\r\n\t\t\t\t\t<span class=\"label label_deliverytime\">Lieferzeit:<\/span>\r\n\t\t\t\t\tLieferung per Download sofort nach Zahlungseingang (in der Regel innerhalb von 24 Stunden)\t\t\t\t<\/div>\t\r\n\t\t\t\t\t\t\r\n\t\t\t\t\t\r\n\t\t\t\t\t\t\r\n\t\t\t\t\r\n\t\t\t\t<div class=\"wpsg_product_informationarea\">\r\n\r\n\t\t\t\t\t\t<div class=\"wpsg_product_information_short\">\r\n\t\t\t\t<div class=\"wpsg_produkt_additional_information\">\r\n\t\t\t\t\t<div itemprop=\"description\" class=\"wpsg_produkt_shortdescription\">\r\n\t\t\t\t\t\t<span><p data-start=\"97\" data-end=\"189\"><strong data-start=\"97\" data-end=\"189\">Augendiagnose Software DA8 \u2013 Praxis-Arbeitsprogramm f\u00fcr Irisdiagnose (Download, Windows)<\/strong><\/p>\n<p data-start=\"191\" data-end=\"383\">Die Augendiagnose Software DA8 unterst\u00fctzt Therapeuten bei der professionellen Irisanalyse und Auswertung von Patientendaten. Mit digitalen Schablonen, pr\u00e4ziser Zuordnung der Organfelder und \u00fcbersichtlicher Dokumentation bietet das Programm eine effiziente L\u00f6sung f\u00fcr die Praxis. Die Software kombiniert moderne Technik mit bew\u00e4hrten Methoden der Augendiagnose und erleichtert so die t\u00e4gliche Arbeit.<\/p>\n<p data-start=\"191\" data-end=\"383\">Professionelle <strong data-start=\"206\" data-end=\"247\">Augendiagnose Software f\u00fcr die Praxis<\/strong>: Mit dem Arbeitsprogramm <strong data-start=\"273\" data-end=\"280\">DA8<\/strong> erfassen, analysieren und verwalten Sie <strong data-start=\"321\" data-end=\"351\">Irisbilder Ihrer Patienten<\/strong> schnell, pr\u00e4zise und effizient.<\/p>\n<p data-start=\"385\" data-end=\"520\">Ideal f\u00fcr Heilpraktiker, Therapeuten und Anwender der <strong data-start=\"439\" data-end=\"455\">Irisdiagnose<\/strong>, die ihre Arbeit digital unterst\u00fctzen und strukturieren m\u00f6chten.<\/p>\n<hr data-start=\"522\" data-end=\"525\" \/>\n<p data-start=\"527\" data-end=\"553\"><strong data-start=\"527\" data-end=\"553\">Ihre Vorteile mit DA8:<\/strong><\/p>\n<ul data-start=\"554\" data-end=\"945\">\n<li data-section-id=\"10ihruc\" data-start=\"554\" data-end=\"614\">Einfache Zuordnung von <strong data-start=\"579\" data-end=\"612\">Patientendaten und Augenfotos<\/strong><\/li>\n<li data-section-id=\"1ycen5h\" data-start=\"615\" data-end=\"679\">Direkte Analyse von <strong data-start=\"637\" data-end=\"677\">Irisbildern mit digitalen Schablonen<\/strong><\/li>\n<li data-section-id=\"wfwphq\" data-start=\"680\" data-end=\"723\">Pr\u00e4zise Vermessung von Iris und Pupille<\/li>\n<li data-section-id=\"1apxu5\" data-start=\"724\" data-end=\"783\">Automatische Berechnung der <strong data-start=\"754\" data-end=\"781\">Organfelder in der Iris<\/strong><\/li>\n<li data-section-id=\"13g0qe8\" data-start=\"784\" data-end=\"844\">Visuelle Darstellung von Organbereichen per Mausbewegung<\/li>\n<li data-section-id=\"spalha\" data-start=\"845\" data-end=\"890\">Farbige Hervorhebung einzelner Organzonen<\/li>\n<li data-section-id=\"w0ab6o\" data-start=\"891\" data-end=\"945\">Speicherung aller Analysen direkt am Patientenbild<\/li>\n<\/ul>\n<hr data-start=\"947\" data-end=\"950\" \/>\n<p data-start=\"952\" data-end=\"994\"><strong data-start=\"952\" data-end=\"994\">Effiziente Augendiagnose in der Praxis<\/strong><\/p>\n<p data-start=\"996\" data-end=\"1213\">Mit DA8 laden Sie <strong data-start=\"1014\" data-end=\"1044\">Augenfotos Ihrer Patienten<\/strong> direkt in die Software und ordnen diese eindeutig zu. Ein ausgew\u00e4hltes Bild dient als Grundlage f\u00fcr die Analyse, auf die transparente <strong data-start=\"1179\" data-end=\"1198\">Iris-Schablonen<\/strong> gelegt werden.<\/p>\n<p data-start=\"1215\" data-end=\"1272\">Durch einfaches Verschieben von Messlinien bestimmen Sie:<\/p>\n<ul data-start=\"1273\" data-end=\"1396\">\n<li data-section-id=\"16ltwul\" data-start=\"1273\" data-end=\"1297\">den \u00e4u\u00dferen Irisrand<\/li>\n<li data-section-id=\"pkw2hc\" data-start=\"1298\" data-end=\"1326\">die exakte Pupillenmitte<\/li>\n<li data-section-id=\"q2yczo\" data-start=\"1327\" data-end=\"1364\">die Pupillengr\u00f6\u00dfe (per Mausklick)<\/li>\n<li data-section-id=\"vkbcmj\" data-start=\"1365\" data-end=\"1396\">die Position der Darmkrause<\/li>\n<\/ul>\n<p data-start=\"1398\" data-end=\"1528\">Die Software berechnet anschlie\u00dfend mithilfe mathematischer Algorithmen die genaue Lage und Gr\u00f6\u00dfe der <strong data-start=\"1500\" data-end=\"1527\">Organfelder in der Iris<\/strong>.<\/p>\n<hr data-start=\"1530\" data-end=\"1533\" \/>\n<p data-start=\"1535\" data-end=\"1573\"><strong data-start=\"1535\" data-end=\"1573\">Interaktive Analyse &amp; Lernfunktion<\/strong><\/p>\n<p data-start=\"1575\" data-end=\"1798\">Bewegen Sie den Mauszeiger \u00fcber die Iris und lassen Sie sich die zugeh\u00f6rigen <strong data-start=\"1652\" data-end=\"1685\">Organbereiche direkt anzeigen<\/strong>. \u00dcber eine integrierte Organliste k\u00f6nnen einzelne Bereiche gezielt ausgew\u00e4hlt und farblich hervorgehoben werden.<\/p>\n<p data-start=\"1800\" data-end=\"1910\">So eignet sich DA8 nicht nur f\u00fcr die Praxis, sondern auch ideal zum <strong data-start=\"1868\" data-end=\"1909\">Lernen und Vertiefen der Irisdiagnose<\/strong>.<\/p>\n<hr data-start=\"1912\" data-end=\"1915\" \/>\n<p data-start=\"1917\" data-end=\"1966\"><strong data-start=\"1917\" data-end=\"1966\">Inklusive Psycho-Analogien (aktuelle Version)<\/strong><\/p>\n<p data-start=\"1968\" data-end=\"2202\">Die aktuelle Version enth\u00e4lt die <strong data-start=\"2001\" data-end=\"2041\">Psycho-Analogien nach Carsten P\u00f6tter<\/strong>. Per Rechtsklick auf ein Organfeld erhalten Sie zus\u00e4tzliche Hinweise zur seelischen Zuordnung \u2013 eine wertvolle Erweiterung f\u00fcr ganzheitlich arbeitende Anwender.<\/p>\n<hr data-start=\"2204\" data-end=\"2207\" \/>\n<p data-start=\"2209\" data-end=\"2240\"><strong data-start=\"2209\" data-end=\"2240\">Updates &amp; Weiterentwicklung<\/strong><\/p>\n<p data-start=\"2242\" data-end=\"2359\">\u00dcber Online-Updates bleibt Ihre Software stets aktuell. Diese enthalten funktionale Verbesserungen und Erweiterungen.<\/p>\n<hr data-start=\"2361\" data-end=\"2364\" \/>\n<p data-start=\"2366\" data-end=\"2385\"><strong data-start=\"2366\" data-end=\"2385\">Produktdetails:<\/strong><\/p>\n<ul data-start=\"2386\" data-end=\"2557\">\n<li data-section-id=\"kzs90g\" data-start=\"2386\" data-end=\"2423\"><strong data-start=\"2388\" data-end=\"2403\">Produktart:<\/strong> Download-Software<\/li>\n<li data-section-id=\"1v9j7oi\" data-start=\"2424\" data-end=\"2510\"><strong data-start=\"2426\" data-end=\"2445\">Bereitstellung:<\/strong> Download-Link per E-Mail innerhalb von 24 Stunden nach Zahlung<\/li>\n<li data-section-id=\"1ct7bzv\" data-start=\"2511\" data-end=\"2557\"><strong data-start=\"2513\" data-end=\"2524\">Verlag:<\/strong> manysoft\u00ae Lehr- und Lernmittel<\/li>\n<\/ul>\n<hr data-start=\"2559\" data-end=\"2562\" \/>\n<p data-start=\"2564\" data-end=\"2595\"><strong data-start=\"2564\" data-end=\"2595\">Technische Voraussetzungen:<\/strong><\/p>\n<ul data-start=\"2596\" data-end=\"2767\">\n<li data-section-id=\"1xkgy5g\" data-start=\"2596\" data-end=\"2644\">Betriebssystem: <strong data-start=\"2614\" data-end=\"2642\">Windows 7 bis Windows 11<\/strong><\/li>\n<li data-section-id=\"1je8ain\" data-start=\"2645\" data-end=\"2677\">Mindestaufl\u00f6sung: 1024 x 768<\/li>\n<li data-section-id=\"1aqoo4q\" data-start=\"2678\" data-end=\"2716\">Lizenz: Nutzung auf einem Computer<\/li>\n<li data-section-id=\"i3p3g8\" data-start=\"2717\" data-end=\"2767\">Registrierung und Freischaltung per Lizenzcode<\/li>\n<\/ul>\n<hr data-start=\"2769\" data-end=\"2772\" \/>\n<p data-start=\"2774\" data-end=\"2956\"><strong data-start=\"2774\" data-end=\"2812\">Rechtliche Hinweise (Deutschland):<\/strong><br data-start=\"2812\" data-end=\"2815\" \/>Beim Kauf erwerben Sie ein pers\u00f6nliches Nutzungsrecht (Einzellizenz). Eine Weitergabe oder Vervielf\u00e4ltigung der Software ist nicht gestattet.<\/p>\n<p data-start=\"2958\" data-end=\"3128\">Die Augendiagnose (Irisdiagnose) ist kein wissenschaftlich anerkanntes Diagnoseverfahren im schulmedizinischen Sinne und ersetzt keine \u00e4rztliche Diagnose oder Behandlung.<\/p>\n<p data-start=\"3130\" data-end=\"3263\">Markenbezeichnungen dienen ausschlie\u00dflich der Beschreibung und sind Eigentum der jeweiligen Rechteinhaber (z. B. Microsoft, Windows).<\/p>\n<\/span>\r\n\t\t\t\t\t<\/div>\r\n\t\t\t\t<\/div>\r\n\t\t\t<\/div>\r\n\t\t\t\r\n\t\t<\/div>\r\n\t\t\r\n\t\t\t\t<div class=\"wpsg_produkt_varianten\">\r\n\t\t\t\t\t<\/div>\r\n\t\t\t\t\r\n\t\t\t\t\r\n\t\t\r\n\t\t<div class=\"wpsg_product_buttonarea\">\r\n\t\t\t<div class=\"wpsg_product_buttons_add_basket\">\r\n\t\t\t\t\t\t\t\t<div class=\"wpsg_produkt_add_basket_wrapper\">\r\n\r\n\t\t\t\t\t<label class=\"wpsg_amount_label\" for=\"wpsg_menge_1\">Anzahl<\/label>\r\n\r\n\t\t\t\t\t<input type=\"text\" value=\"1\" name=\"wpsg[menge]\" class=\"wpsg_menge\" id=\"wpsg_menge_1\"  \/>\r\n\t\t\t\t\t\t\t\r\n\t\t\t\t\t\t\t\t\t\t\t\t\t\t\t\r\n\t\t\t\t\t\t<input class=\"wpsg_button wpsg_add_basket wpsg_add_basket_1\" type=\"submit\" value=\"In den Warenkorb\" name=\"wpsg[submit]\" \/>\r\n\t\t\t\t\t\r\n\t\t\t\t\t\t\t\t\t\t\r\n\t\t\t\t\t\r\n\t\t\t\t<\/div>\r\n\t\t\t\t\t\t\t<\/div>\r\n\t\t<\/div>\r\n\r\n\t\t<div class=\"wpsg_clear\"><\/div>\r\n\r\n\t\t\r\n\t\t\t\t<div class=\"wpsg_product_informationarea\">\r\n\r\n\t\t\t\r\n\t\t<\/div>\r\n\t\t\t\t\r\n\t\t\t\t<div class=\"wpsg_product_informationarea\">\r\n\r\n\t\t\t\r\n\t\t<\/div>\r\n\t\t\t\t\r\n\t\t\t\t<div class=\"wpsg_product_informationarea\">\r\n\r\n\t\t\t\r\n\t\t<\/div>\r\n\t\t\r\n\t\t<div class=\"wpsg_clear\"><\/div>\r\n\r\n\t\t\t\t<div class=\"wpsg_product_social_media\">\r\n\t\t\t\t\t<\/div>\r\n\r\n\t<\/div>\r\n\t\r\n\t<script>\r\n\t\t\r\n\t\tjQuery('.wpsg_produkt_wrapper2 .wpsg_gallery_wrap .bigimgswitch').on('click', function() {\r\n\t\t\t\r\n\t\t\tvar jqThis = jQuery(this);\r\n\r\n\t\t\tjqThis.closest('.wpsg_produkt_wrapper2').find('.bigimg').hide();\r\n\t\t\tjqThis.closest('.wpsg_produkt_wrapper2').find('.bigimg[data-index=\"' + jqThis.data(\"target\") + '\"]').show();\r\n\t\t\t \r\n\t\t\treturn false;\r\n\t\t\t\r\n\t\t});\r\n\t\t\r\n\t<\/script>\r\n\r\n\t\t\r\n<\/div><div style=\"display:none;\"><input type=\"hidden\" name=\"wpsg[template]\" \tvalue=\"standard2.phtml\" \/><input type=\"hidden\" name=\"myReferer\" \t\tvalue=\"\/shop\/wp-json\/wp\/v2\/pages\/1016\" \/><input type=\"hidden\" name=\"wpsg[produkt_id]\"  value=\"3\" \/><input type=\"hidden\" name=\"wpsg[product_key]\" value=\"3\" \/><\/div><\/form>\n<\/div><\/div><\/div><\/div><\/div>\n","protected":false},"excerpt":{"rendered":"","protected":false},"author":1,"featured_media":0,"parent":0,"menu_order":0,"comment_status":"closed","ping_status":"closed","template":"100-width.php","meta":{"footnotes":""},"class_list":["post-1016","page","type-page","status-publish","hentry"],"aioseo_notices":[],"_links":{"self":[{"href":"https:\/\/manysoft.de\/shop\/wp-json\/wp\/v2\/pages\/1016","targetHints":{"allow":["GET"]}}],"collection":[{"href":"https:\/\/manysoft.de\/shop\/wp-json\/wp\/v2\/pages"}],"about":[{"href":"https:\/\/manysoft.de\/shop\/wp-json\/wp\/v2\/types\/page"}],"author":[{"embeddable":true,"href":"https:\/\/manysoft.de\/shop\/wp-json\/wp\/v2\/users\/1"}],"replies":[{"embeddable":true,"href":"https:\/\/manysoft.de\/shop\/wp-json\/wp\/v2\/comments?post=1016"}],"version-history":[{"count":3,"href":"https:\/\/manysoft.de\/shop\/wp-json\/wp\/v2\/pages\/1016\/revisions"}],"predecessor-version":[{"id":1020,"href":"https:\/\/manysoft.de\/shop\/wp-json\/wp\/v2\/pages\/1016\/revisions\/1020"}],"wp:attachment":[{"href":"https:\/\/manysoft.de\/shop\/wp-json\/wp\/v2\/media?parent=1016"}],"curies":[{"name":"wp","href":"https:\/\/api.w.org\/{rel}","templated":true}]}}