{"id":408,"date":"2021-07-11T11:42:50","date_gmt":"2021-07-11T09:42:50","guid":{"rendered":"https:\/\/manysoft.de\/shop\/?page_id=408"},"modified":"2026-04-15T15:54:57","modified_gmt":"2026-04-15T13:54:57","slug":"anlitzdiagnose","status":"publish","type":"page","link":"https:\/\/manysoft.de\/shop\/freeware\/anlitzdiagnose\/","title":{"rendered":"Sch\u00fcsslersalze"},"content":{"rendered":"<p><div class=\"fusion-fullwidth fullwidth-box fusion-builder-row-1 fusion-flex-container has-pattern-background has-mask-background nonhundred-percent-fullwidth non-hundred-percent-height-scrolling\" style=\"--awb-border-sizes-top:2px;--awb-border-sizes-bottom:2px;--awb-border-sizes-left:2px;--awb-border-sizes-right:2px;--awb-border-color:var(--awb-color5);--awb-border-radius-top-left:5px;--awb-border-radius-top-right:5px;--awb-border-radius-bottom-right:5px;--awb-border-radius-bottom-left:5px;--awb-overflow:hidden;--awb-flex-wrap:wrap;\" ><div class=\"fusion-builder-row fusion-row fusion-flex-align-items-flex-start fusion-flex-content-wrap\" style=\"max-width:1144px;margin-left: calc(-4% \/ 2 );margin-right: calc(-4% \/ 2 );\"><div class=\"fusion-layout-column fusion_builder_column fusion-builder-column-0 fusion_builder_column_1_2 1_2 fusion-flex-column\" style=\"--awb-padding-right:10px;--awb-padding-left:10px;--awb-overflow:hidden;--awb-bg-size:cover;--awb-border-color:#03a9f4;--awb-border-style:solid;--awb-border-radius:5px 5px 5px 5px;--awb-width-large:50%;--awb-margin-top-large:0px;--awb-spacing-right-large:3.84%;--awb-margin-bottom-large:0px;--awb-spacing-left-large:3.84%;--awb-width-medium:100%;--awb-order-medium:0;--awb-spacing-right-medium:1.92%;--awb-spacing-left-medium:1.92%;--awb-width-small:100%;--awb-order-small:0;--awb-spacing-right-small:1.92%;--awb-spacing-left-small:1.92%;\" data-scroll-devices=\"small-visibility,medium-visibility,large-visibility\"><div class=\"fusion-column-wrapper fusion-column-has-shadow fusion-flex-justify-content-flex-start fusion-content-layout-column\"><div class=\"fusion-text fusion-text-1\"><div id=\"Text10LYR\" class=\"TextObject\">\n<h5><b style=\"font-size: 16px;\" data-fusion-font=\"true\">Sch\u00fcssler-Uhr Biochemie<\/b><\/h5>\n<\/div>\n<div id=\"Text12LYR\" class=\"TextObject\">\n<p>Kostenlose Freeware: Sch\u00fcssler-Uhr Biochemie <a href=\"https:\/\/www.manysoft.de\/DL\/Setup_BioUhr.exe\" target=\"_blank\" rel=\"noopener\"><b style=\"color: #0059a8;\">DOWNLOAD<\/b><\/a><\/p>\n<p>Die 12 Funktionsmittel, entsprechend den Ziffern unserer Uhr angeordnet, erleichtert Ihnen die Suche nach den passenden Sch\u00fcssler Salzen. W\u00e4hlen Sie mit Mausklick die den Symptomen entsprechenden kleinen Bilder aus.<br \/>\nSie erhalten dann eine Grafik der Anlitzdiagnose mit Symptombeschreibung. Die \u201eSch\u00fcssler-Uhr\u201c unterst\u00fctzt Sie einfach und schnell bei der Suche nach Sch\u00fcssler Salzen. Sie finden so schnell und sicher das passende Mittel zur Behandlung von akuten und chronischen Beschwerden.<\/p>\n<p>Durch die benutzerfreundliche Programmberfl\u00e4che ist eine leichte, intuitive Bedienung m\u00f6glich.<\/p>\n<\/div>\n<\/div><\/div><\/div><div class=\"fusion-layout-column fusion_builder_column fusion-builder-column-1 fusion_builder_column_1_2 1_2 fusion-flex-column fusion-flex-align-self-center\" style=\"--awb-bg-size:cover;--awb-width-large:50%;--awb-margin-top-large:0px;--awb-spacing-right-large:3.84%;--awb-margin-bottom-large:20px;--awb-spacing-left-large:3.84%;--awb-width-medium:100%;--awb-order-medium:0;--awb-spacing-right-medium:1.92%;--awb-spacing-left-medium:1.92%;--awb-width-small:100%;--awb-order-small:0;--awb-spacing-right-small:1.92%;--awb-spacing-left-small:1.92%;\" data-scroll-devices=\"small-visibility,medium-visibility,large-visibility\"><div class=\"fusion-column-wrapper fusion-column-has-shadow fusion-flex-justify-content-center fusion-content-layout-column\"><div class=\"fusion-image-element \" style=\"text-align:center;--awb-caption-title-font-family:var(--h2_typography-font-family);--awb-caption-title-font-weight:var(--h2_typography-font-weight);--awb-caption-title-font-style:var(--h2_typography-font-style);--awb-caption-title-size:var(--h2_typography-font-size);--awb-caption-title-transform:var(--h2_typography-text-transform);--awb-caption-title-line-height:var(--h2_typography-line-height);--awb-caption-title-letter-spacing:var(--h2_typography-letter-spacing);\"><span class=\" fusion-imageframe imageframe-none imageframe-1 hover-type-none\"><img decoding=\"async\" width=\"600\" height=\"470\" title=\"Freebio\" src=\"https:\/\/manysoft.de\/shop\/wp-content\/uploads\/2021\/07\/Freebio.jpg\" alt class=\"img-responsive wp-image-415\" srcset=\"https:\/\/manysoft.de\/shop\/wp-content\/uploads\/2021\/07\/Freebio-200x157.jpg 200w, https:\/\/manysoft.de\/shop\/wp-content\/uploads\/2021\/07\/Freebio-400x313.jpg 400w, https:\/\/manysoft.de\/shop\/wp-content\/uploads\/2021\/07\/Freebio.jpg 600w\" sizes=\"(max-width: 1024px) 100vw, (max-width: 640px) 100vw, 600px\" \/><\/span><\/div><\/div><\/div><\/div><\/div><div class=\"fusion-fullwidth fullwidth-box fusion-builder-row-2 fusion-flex-container has-pattern-background has-mask-background nonhundred-percent-fullwidth non-hundred-percent-height-scrolling\" style=\"--awb-border-radius-top-left:0px;--awb-border-radius-top-right:0px;--awb-border-radius-bottom-right:0px;--awb-border-radius-bottom-left:0px;--awb-flex-wrap:wrap;\" ><div class=\"fusion-builder-row fusion-row fusion-flex-align-items-flex-start fusion-flex-content-wrap\" style=\"max-width:1144px;margin-left: calc(-4% \/ 2 );margin-right: calc(-4% \/ 2 );\"><div class=\"fusion-layout-column fusion_builder_column fusion-builder-column-2 fusion_builder_column_1_1 1_1 fusion-flex-column\" style=\"--awb-bg-size:cover;--awb-width-large:100%;--awb-margin-top-large:0px;--awb-spacing-right-large:1.92%;--awb-margin-bottom-large:20px;--awb-spacing-left-large:1.92%;--awb-width-medium:100%;--awb-order-medium:0;--awb-spacing-right-medium:1.92%;--awb-spacing-left-medium:1.92%;--awb-width-small:100%;--awb-order-small:0;--awb-spacing-right-small:1.92%;--awb-spacing-left-small:1.92%;\"><div class=\"fusion-column-wrapper fusion-column-has-shadow fusion-flex-justify-content-flex-start fusion-content-layout-column\">\n<div class=\"fusion-slider-revolution rev_slider_wrapper\">\t\t\t<!-- START Sch\u00fcssler REVOLUTION SLIDER 6.7.41 --><p class=\"rs-p-wp-fix\"><\/p>\n\t\t\t<rs-module-wrap id=\"rev_slider_4_1_wrapper\" data-source=\"gallery\" style=\"visibility:hidden;background:transparent;padding:0;margin:0px auto;margin-top:0;margin-bottom:0;\">\n\t\t\t\t<rs-module id=\"rev_slider_4_1\" style=\"\" data-version=\"6.7.41\">\n\t\t\t\t\t<rs-slides style=\"overflow: hidden; position: absolute;\">\n\t\t\t\t\t\t<rs-slide style=\"position: absolute;\" data-key=\"rs-4\" data-title=\"Slide\" data-in=\"o:0;\" data-out=\"a:false;\">\n\t\t\t\t\t\t\t<img decoding=\"async\" src=\"\/\/manysoft.de\/shop\/wp-content\/plugins\/revslider\/sr6\/assets\/assets\/dummy.png\" alt=\"Slide\" title=\"Sch\u00fcsslersalze\" class=\"rev-slidebg tp-rs-img rs-lazyload\" data-lazyload=\"\/\/manysoft.de\/shop\/wp-content\/plugins\/revslider\/sr6\/assets\/assets\/transparent.png\" data-parallax=\"2\" data-no-retina>\n<!--\n\t\t\t\t\t\t\t--><rs-layer\n\t\t\t\t\t\t\t\tid=\"slider-4-slide-4-layer-0\" \n\t\t\t\t\t\t\t\tdata-type=\"image\"\n\t\t\t\t\t\t\t\tdata-rsp_ch=\"on\"\n\t\t\t\t\t\t\t\tdata-xy=\"x:-1px;y:53px;\"\n\t\t\t\t\t\t\t\tdata-text=\"w:normal;\"\n\t\t\t\t\t\t\t\tdata-dim=\"w:617px;h:477px;\"\n\t\t\t\t\t\t\t\tdata-frame_0=\"x:right;\"\n\t\t\t\t\t\t\t\tdata-frame_1=\"y:1px;sp:3000;\"\n\t\t\t\t\t\t\t\tdata-frame_999=\"o:0;st:w;\"\n\t\t\t\t\t\t\t\tstyle=\"z-index:5;\"\n\t\t\t\t\t\t\t><img decoding=\"async\" src=\"\/\/manysoft.de\/shop\/wp-content\/plugins\/revslider\/sr6\/assets\/assets\/dummy.png\" alt=\"\" class=\"tp-rs-img rs-lazyload\" width=\"1030\" height=\"796\" data-lazyload=\"\/\/manysoft.de\/shop\/wp-content\/uploads\/2021\/07\/bio.jpg\" data-no-retina> \n\t\t\t\t\t\t\t<\/rs-layer><!--\n\n\t\t\t\t\t\t\t--><rs-layer\n\t\t\t\t\t\t\t\tid=\"slider-4-slide-4-layer-3\" \n\t\t\t\t\t\t\t\tdata-type=\"text\"\n\t\t\t\t\t\t\t\tdata-color=\"#ff1505\"\n\t\t\t\t\t\t\t\tdata-rsp_ch=\"on\"\n\t\t\t\t\t\t\t\tdata-xy=\"x:748px;y:46px;\"\n\t\t\t\t\t\t\t\tdata-text=\"w:normal;s:46;l:60;ls:-1;\"\n\t\t\t\t\t\t\t\tdata-dim=\"minh:0px;\"\n\t\t\t\t\t\t\t\tdata-frame_0=\"x:left;\"\n\t\t\t\t\t\t\t\tdata-frame_1=\"st:500;sp:2500;\"\n\t\t\t\t\t\t\t\tdata-frame_999=\"o:0;st:w;\"\n\t\t\t\t\t\t\t\tstyle=\"z-index:6;font-family:'Slabo 27px';\"\n\t\t\t\t\t\t\t>Sch\u00fcsslersalze Repertorium<br \/>\nf\u00fcr die Praxis \n\t\t\t\t\t\t\t<\/rs-layer><!--\n\n\t\t\t\t\t\t\t--><rs-layer\n\t\t\t\t\t\t\t\tid=\"slider-4-slide-4-layer-5\" \n\t\t\t\t\t\t\t\tdata-type=\"text\"\n\t\t\t\t\t\t\t\tdata-color=\"rgba(0, 0, 0, 0.63)\"\n\t\t\t\t\t\t\t\tdata-rsp_ch=\"on\"\n\t\t\t\t\t\t\t\tdata-xy=\"x:745px;y:198px;\"\n\t\t\t\t\t\t\t\tdata-text=\"w:normal;s:20;l:30;ls:2;fw:800;\"\n\t\t\t\t\t\t\t\tdata-dim=\"w:481px;minh:0px;\"\n\t\t\t\t\t\t\t\tdata-frame_1=\"st:1000;sp:3000;\"\n\t\t\t\t\t\t\t\tdata-frame_999=\"o:0;st:w;\"\n\t\t\t\t\t\t\t\tstyle=\"z-index:7;font-family:'Raleway';font-style:italic;\"\n\t\t\t\t\t\t\t>Sie m\u00f6chten schnell eine Vorschlagsliste der f\u00fcr den Patienten geeignetesten Sch\u00fcsslersalze? <br \/>\nHier ist Ihre L\u00f6sung: Mit wenigen Mausklicks die Symptome ausw\u00e4hlen. Unser Programm schl\u00e4gt Ihnen die Mittel mit den meisten Treffern... \n\t\t\t\t\t\t\t<\/rs-layer><!--\n\n\t\t\t\t\t\t\t--><a\n\t\t\t\t\t\t\t\tid=\"slider-4-slide-4-layer-6\" \n\t\t\t\t\t\t\t\tclass=\"rs-layer rev-btn\"\n\t\t\t\t\t\t\t\thref=\"https:\/\/manysoft.de\/shop\/produkt\/schuesslersalze-repertorium\/\" target=\"_self\"\n\t\t\t\t\t\t\t\tdata-type=\"button\"\n\t\t\t\t\t\t\t\tdata-color=\"#ffffff\"\n\t\t\t\t\t\t\t\tdata-bsh=\"v:10px;b:20px;\"\n\t\t\t\t\t\t\t\tdata-rsp_ch=\"on\"\n\t\t\t\t\t\t\t\tdata-xy=\"x:835px;y:447px;\"\n\t\t\t\t\t\t\t\tdata-text=\"w:normal;l:60;fw:500;\"\n\t\t\t\t\t\t\t\tdata-dim=\"minh:0px;\"\n\t\t\t\t\t\t\t\tdata-padding=\"r:60;l:60;\"\n\t\t\t\t\t\t\t\tdata-border=\"bor:5px,5px,5px,5px;\"\n\t\t\t\t\t\t\t\tdata-frame_0=\"y:top;\"\n\t\t\t\t\t\t\t\tdata-frame_1=\"st:1000;sp:3500;\"\n\t\t\t\t\t\t\t\tdata-frame_999=\"o:0;st:w;\"\n\t\t\t\t\t\t\t\tdata-frame_hover=\"bgc:linear-gradient(rgba(255,149,0,1) 0%, rgba(255,94,58,1) 100%);bor:5px,5px,5px,5px;e:power1.inOut;bri:120%;\"\n\t\t\t\t\t\t\t\tstyle=\"z-index:8;background:linear-gradient(rgba(255,149,0,1) 0%, rgba(255,94,58,1) 100%);font-family:'Roboto';\"\n\t\t\t\t\t\t\t>Zum Artikel \n\t\t\t\t\t\t\t<\/a><!--\n-->\t\t\t\t\t<\/rs-slide>\n\t\t\t\t\t<\/rs-slides>\n\t\t\t\t<\/rs-module>\n\t\t\t\t<script>\n\t\t\t\t\tsetREVStartSize({c: 'rev_slider_4_1',rl:[1240,1024,778,480],el:[900],gw:[1240],gh:[900],type:'standard',justify:'',layout:'fullwidth',mh:\"0\"});if (window.RS_MODULES!==undefined && window.RS_MODULES.modules!==undefined && window.RS_MODULES.modules[\"revslider41\"]!==undefined) {window.RS_MODULES.modules[\"revslider41\"].once = false;window.revapi4 = undefined;if (window.RS_MODULES.checkMinimal!==undefined) window.RS_MODULES.checkMinimal()}\n\t\t\t\t<\/script>\n\t\t\t<\/rs-module-wrap>\n\t\t\t<!-- END REVOLUTION SLIDER -->\n<\/div><\/div><\/div><\/div><\/div><\/p>\n","protected":false},"excerpt":{"rendered":"","protected":false},"author":1,"featured_media":0,"parent":405,"menu_order":0,"comment_status":"closed","ping_status":"closed","template":"","meta":{"footnotes":""},"class_list":["post-408","page","type-page","status-publish","hentry"],"aioseo_notices":[],"_links":{"self":[{"href":"https:\/\/manysoft.de\/shop\/wp-json\/wp\/v2\/pages\/408","targetHints":{"allow":["GET"]}}],"collection":[{"href":"https:\/\/manysoft.de\/shop\/wp-json\/wp\/v2\/pages"}],"about":[{"href":"https:\/\/manysoft.de\/shop\/wp-json\/wp\/v2\/types\/page"}],"author":[{"embeddable":true,"href":"https:\/\/manysoft.de\/shop\/wp-json\/wp\/v2\/users\/1"}],"replies":[{"embeddable":true,"href":"https:\/\/manysoft.de\/shop\/wp-json\/wp\/v2\/comments?post=408"}],"version-history":[{"count":10,"href":"https:\/\/manysoft.de\/shop\/wp-json\/wp\/v2\/pages\/408\/revisions"}],"predecessor-version":[{"id":930,"href":"https:\/\/manysoft.de\/shop\/wp-json\/wp\/v2\/pages\/408\/revisions\/930"}],"up":[{"embeddable":true,"href":"https:\/\/manysoft.de\/shop\/wp-json\/wp\/v2\/pages\/405"}],"wp:attachment":[{"href":"https:\/\/manysoft.de\/shop\/wp-json\/wp\/v2\/media?parent=408"}],"curies":[{"name":"wp","href":"https:\/\/api.w.org\/{rel}","templated":true}]}}